{"id":8,"date":"2023-07-16T09:31:46","date_gmt":"2023-07-16T06:31:46","guid":{"rendered":"http:\/\/www.aykonbeton.com.tr\/?page_id=8"},"modified":"2023-07-16T09:36:11","modified_gmt":"2023-07-16T06:36:11","slug":"hakkimizda","status":"publish","type":"page","link":"http:\/\/www.aykonbeton.com.tr\/index.php\/hakkimizda\/","title":{"rendered":"HAKKIMIZDA"},"content":{"rendered":"\n<p>Aykon Beton in\u015faat sekt\u00f6r\u00fcnde 2011 y\u0131l\u0131ndan beri faaliyet g\u00f6steren beton \u00fcreticisidir. Teknolojik imkanlar\u0131 en \u00fcst seviyede kullanarak beton \u00fcretimi yapmaktad\u0131r. Firmam\u0131z beton kalitesi, \u00fcretim kapasitesi, makine park\u0131 ve i\u015f g\u00fcc\u00fc bak\u0131m\u0131ndan b\u00f6lgenin en b\u00fcy\u00fck beton firmalar\u0131ndand\u0131r. 10.000 metrekare alan \u00fczerine kurulu merkez tesisimizde 1 adet beton tesisi ve bu tesislerin t\u00fcm\u00fcnde makine park\u0131 tamir ve bak\u0131mlar\u0131 i\u00e7in bak\u0131mhane bulunmaktad\u0131r. \u015eirketimize ait i\u015f makinalar\u0131n\u0131n t\u00fcm\u00fcn\u00fcn bak\u0131m ve tamir i\u015flerinin kendi b\u00fcnyemizde yap\u0131l\u0131yor olmas\u0131 bir avantaj olman\u0131n yan\u0131 s\u0131ra, \u00f6zellikle b\u00fcy\u00fck proje betonlar\u0131nda aksamadan s\u00fcratl\u0131 ve s\u00fcrekli hizmet verebilmenin imkan\u0131n\u0131 sa\u011fl\u0131yoruz. Ayr\u0131ca tesis i\u00e7erisinde \u00e7evre kirlili\u011fini \u00f6nlemek i\u00e7in 1 adet \u00e7\u00f6kertme havuzu bulunmu\u015f olup \u00e7\u00f6kertme 4 b\u00f6l\u00fcmden olu\u015fmaktad\u0131r.<\/p>\n\n\n\n<p><\/p>\n\n\n\n<p>Aykon Beton, \u00f6rnek g\u00f6sterilebilecek A donan\u0131ml\u0131 ARGE ve TEST laboratuar\u0131na sahiptir. Laboratuarlar\u0131m\u0131zda g\u00f6revli laboratuvar teknisyeni kontrol\u00fcnde yap\u0131lan deney ve \u00e7al\u0131\u015fmalar e\u015fli\u011finde \u00fcretim yap\u0131lmaktad\u0131r. Aykon Beton, m\u00fc\u015fterilerine daha iyi ve daha etkin bir hizmet vermek ad\u0131na g\u00fcncel teknolojileri talip ederek yat\u0131r\u0131mlar\u0131na devam etmektedir.<\/p>\n","protected":false},"excerpt":{"rendered":"<p>Aykon Beton in\u015faat sekt\u00f6r\u00fcnde 2011 y\u0131l\u0131ndan beri faaliyet g\u00f6steren beton \u00fcreticisidir. Teknolojik imkanlar\u0131 en \u00fcst seviyede kullanarak beton \u00fcretimi yapmaktad\u0131r. Firmam\u0131z beton kalitesi, \u00fcretim kapasitesi, makine park\u0131 ve i\u015f g\u00fcc\u00fc bak\u0131m\u0131ndan b\u00f6lgenin en b\u00fcy\u00fck beton firmalar\u0131ndand\u0131r. 10.000 metrekare alan \u00fczerine kurulu merkez tesisimizde 1 adet beton tesisi ve bu tesislerin t\u00fcm\u00fcnde makine park\u0131 tamir ve [&hellip;]<\/p>\n","protected":false},"author":1,"featured_media":0,"parent":0,"menu_order":0,"comment_status":"closed","ping_status":"closed","template":"","meta":{"footnotes":""},"yoast_head":"<!-- This site is optimized with the Yoast SEO plugin v23.5 - https:\/\/yoast.com\/wordpress\/plugins\/seo\/ -->\r\n<title>HAKKIMIZDA - Aykon Beton - Haz\u0131r Beton Nusaybin - Mardin<\/title>\r\n<meta name=\"robots\" content=\"index, follow, max-snippet:-1, max-image-preview:large, max-video-preview:-1\" \/>\r\n<link rel=\"canonical\" href=\"http:\/\/www.aykonbeton.com.tr\/index.php\/hakkimizda\/\" \/>\r\n<meta property=\"og:locale\" content=\"tr_TR\" \/>\r\n<meta property=\"og:type\" content=\"article\" \/>\r\n<meta property=\"og:title\" content=\"HAKKIMIZDA - Aykon Beton - Haz\u0131r Beton Nusaybin - Mardin\" \/>\r\n<meta property=\"og:description\" content=\"Aykon Beton in\u015faat sekt\u00f6r\u00fcnde 2011 y\u0131l\u0131ndan beri faaliyet g\u00f6steren beton \u00fcreticisidir. Teknolojik imkanlar\u0131 en \u00fcst seviyede kullanarak beton \u00fcretimi yapmaktad\u0131r. Firmam\u0131z beton kalitesi, \u00fcretim kapasitesi, makine park\u0131 ve i\u015f g\u00fcc\u00fc bak\u0131m\u0131ndan b\u00f6lgenin en b\u00fcy\u00fck beton firmalar\u0131ndand\u0131r. 10.000 metrekare alan \u00fczerine kurulu merkez tesisimizde 1 adet beton tesisi ve bu tesislerin t\u00fcm\u00fcnde makine park\u0131 tamir ve [&hellip;]\" \/>\r\n<meta property=\"og:url\" content=\"http:\/\/www.aykonbeton.com.tr\/index.php\/hakkimizda\/\" \/>\r\n<meta property=\"og:site_name\" content=\"Aykon Beton - Haz\u0131r Beton Nusaybin - Mardin\" \/>\r\n<meta property=\"article:modified_time\" content=\"2023-07-16T06:36:11+00:00\" \/>\r\n<meta name=\"twitter:card\" content=\"summary_large_image\" \/>\r\n<meta name=\"twitter:label1\" content=\"Tahmini okuma s\u00fcresi\" \/>\n\t<meta name=\"twitter:data1\" content=\"1 dakika\" \/>\r\n<script type=\"application\/ld+json\" class=\"yoast-schema-graph\">{\"@context\":\"https:\/\/schema.org\",\"@graph\":[{\"@type\":\"WebPage\",\"@id\":\"http:\/\/www.aykonbeton.com.tr\/index.php\/hakkimizda\/\",\"url\":\"http:\/\/www.aykonbeton.com.tr\/index.php\/hakkimizda\/\",\"name\":\"HAKKIMIZDA - Aykon Beton - Haz\u0131r Beton Nusaybin - Mardin\",\"isPartOf\":{\"@id\":\"http:\/\/www.aykonbeton.com.tr\/#website\"},\"datePublished\":\"2023-07-16T06:31:46+00:00\",\"dateModified\":\"2023-07-16T06:36:11+00:00\",\"breadcrumb\":{\"@id\":\"http:\/\/www.aykonbeton.com.tr\/index.php\/hakkimizda\/#breadcrumb\"},\"inLanguage\":\"tr\",\"potentialAction\":[{\"@type\":\"ReadAction\",\"target\":[\"http:\/\/www.aykonbeton.com.tr\/index.php\/hakkimizda\/\"]}]},{\"@type\":\"BreadcrumbList\",\"@id\":\"http:\/\/www.aykonbeton.com.tr\/index.php\/hakkimizda\/#breadcrumb\",\"itemListElement\":[{\"@type\":\"ListItem\",\"position\":1,\"name\":\"Anasayfa\",\"item\":\"http:\/\/www.aykonbeton.com.tr\/\"},{\"@type\":\"ListItem\",\"position\":2,\"name\":\"HAKKIMIZDA\"}]},{\"@type\":\"WebSite\",\"@id\":\"http:\/\/www.aykonbeton.com.tr\/#website\",\"url\":\"http:\/\/www.aykonbeton.com.tr\/\",\"name\":\"Aykon Beton - Haz\u0131r Beton Nusaybin - Mardin\",\"description\":\"Haz\u0131r Beton\",\"publisher\":{\"@id\":\"http:\/\/www.aykonbeton.com.tr\/#organization\"},\"potentialAction\":[{\"@type\":\"SearchAction\",\"target\":{\"@type\":\"EntryPoint\",\"urlTemplate\":\"http:\/\/www.aykonbeton.com.tr\/?s={search_term_string}\"},\"query-input\":{\"@type\":\"PropertyValueSpecification\",\"valueRequired\":true,\"valueName\":\"search_term_string\"}}],\"inLanguage\":\"tr\"},{\"@type\":\"Organization\",\"@id\":\"http:\/\/www.aykonbeton.com.tr\/#organization\",\"name\":\"Aykon Beton - Haz\u0131r Beton Nusaybin - Mardin\",\"url\":\"http:\/\/www.aykonbeton.com.tr\/\",\"logo\":{\"@type\":\"ImageObject\",\"inLanguage\":\"tr\",\"@id\":\"http:\/\/www.aykonbeton.com.tr\/#\/schema\/logo\/image\/\",\"url\":\"http:\/\/www.aykonbeton.com.tr\/wp-content\/uploads\/2024\/01\/aykonbetonlogo.png\",\"contentUrl\":\"http:\/\/www.aykonbeton.com.tr\/wp-content\/uploads\/2024\/01\/aykonbetonlogo.png\",\"width\":500,\"height\":115,\"caption\":\"Aykon Beton - Haz\u0131r Beton Nusaybin - Mardin\"},\"image\":{\"@id\":\"http:\/\/www.aykonbeton.com.tr\/#\/schema\/logo\/image\/\"},\"sameAs\":[\"https:\/\/www.instagram.com\/ozaydingrubu\/\"]}]}<\/script>\r\n<!-- \/ Yoast SEO plugin. -->","yoast_head_json":{"title":"HAKKIMIZDA - Aykon Beton - Haz\u0131r Beton Nusaybin - Mardin","robots":{"index":"index","follow":"follow","max-snippet":"max-snippet:-1","max-image-preview":"max-image-preview:large","max-video-preview":"max-video-preview:-1"},"canonical":"http:\/\/www.aykonbeton.com.tr\/index.php\/hakkimizda\/","og_locale":"tr_TR","og_type":"article","og_title":"HAKKIMIZDA - Aykon Beton - Haz\u0131r Beton Nusaybin - Mardin","og_description":"Aykon Beton in\u015faat sekt\u00f6r\u00fcnde 2011 y\u0131l\u0131ndan beri faaliyet g\u00f6steren beton \u00fcreticisidir. Teknolojik imkanlar\u0131 en \u00fcst seviyede kullanarak beton \u00fcretimi yapmaktad\u0131r. Firmam\u0131z beton kalitesi, \u00fcretim kapasitesi, makine park\u0131 ve i\u015f g\u00fcc\u00fc bak\u0131m\u0131ndan b\u00f6lgenin en b\u00fcy\u00fck beton firmalar\u0131ndand\u0131r. 10.000 metrekare alan \u00fczerine kurulu merkez tesisimizde 1 adet beton tesisi ve bu tesislerin t\u00fcm\u00fcnde makine park\u0131 tamir ve [&hellip;]","og_url":"http:\/\/www.aykonbeton.com.tr\/index.php\/hakkimizda\/","og_site_name":"Aykon Beton - Haz\u0131r Beton Nusaybin - Mardin","article_modified_time":"2023-07-16T06:36:11+00:00","twitter_card":"summary_large_image","twitter_misc":{"Tahmini okuma s\u00fcresi":"1 dakika"},"schema":{"@context":"https:\/\/schema.org","@graph":[{"@type":"WebPage","@id":"http:\/\/www.aykonbeton.com.tr\/index.php\/hakkimizda\/","url":"http:\/\/www.aykonbeton.com.tr\/index.php\/hakkimizda\/","name":"HAKKIMIZDA - Aykon Beton - Haz\u0131r Beton Nusaybin - Mardin","isPartOf":{"@id":"http:\/\/www.aykonbeton.com.tr\/#website"},"datePublished":"2023-07-16T06:31:46+00:00","dateModified":"2023-07-16T06:36:11+00:00","breadcrumb":{"@id":"http:\/\/www.aykonbeton.com.tr\/index.php\/hakkimizda\/#breadcrumb"},"inLanguage":"tr","potentialAction":[{"@type":"ReadAction","target":["http:\/\/www.aykonbeton.com.tr\/index.php\/hakkimizda\/"]}]},{"@type":"BreadcrumbList","@id":"http:\/\/www.aykonbeton.com.tr\/index.php\/hakkimizda\/#breadcrumb","itemListElement":[{"@type":"ListItem","position":1,"name":"Anasayfa","item":"http:\/\/www.aykonbeton.com.tr\/"},{"@type":"ListItem","position":2,"name":"HAKKIMIZDA"}]},{"@type":"WebSite","@id":"http:\/\/www.aykonbeton.com.tr\/#website","url":"http:\/\/www.aykonbeton.com.tr\/","name":"Aykon Beton - Haz\u0131r Beton Nusaybin - Mardin","description":"Haz\u0131r Beton","publisher":{"@id":"http:\/\/www.aykonbeton.com.tr\/#organization"},"potentialAction":[{"@type":"SearchAction","target":{"@type":"EntryPoint","urlTemplate":"http:\/\/www.aykonbeton.com.tr\/?s={search_term_string}"},"query-input":{"@type":"PropertyValueSpecification","valueRequired":true,"valueName":"search_term_string"}}],"inLanguage":"tr"},{"@type":"Organization","@id":"http:\/\/www.aykonbeton.com.tr\/#organization","name":"Aykon Beton - Haz\u0131r Beton Nusaybin - Mardin","url":"http:\/\/www.aykonbeton.com.tr\/","logo":{"@type":"ImageObject","inLanguage":"tr","@id":"http:\/\/www.aykonbeton.com.tr\/#\/schema\/logo\/image\/","url":"http:\/\/www.aykonbeton.com.tr\/wp-content\/uploads\/2024\/01\/aykonbetonlogo.png","contentUrl":"http:\/\/www.aykonbeton.com.tr\/wp-content\/uploads\/2024\/01\/aykonbetonlogo.png","width":500,"height":115,"caption":"Aykon Beton - Haz\u0131r Beton Nusaybin - Mardin"},"image":{"@id":"http:\/\/www.aykonbeton.com.tr\/#\/schema\/logo\/image\/"},"sameAs":["https:\/\/www.instagram.com\/ozaydingrubu\/"]}]}},"jetpack_sharing_enabled":true,"_links":{"self":[{"href":"http:\/\/www.aykonbeton.com.tr\/index.php\/wp-json\/wp\/v2\/pages\/8"}],"collection":[{"href":"http:\/\/www.aykonbeton.com.tr\/index.php\/wp-json\/wp\/v2\/pages"}],"about":[{"href":"http:\/\/www.aykonbeton.com.tr\/index.php\/wp-json\/wp\/v2\/types\/page"}],"author":[{"embeddable":true,"href":"http:\/\/www.aykonbeton.com.tr\/index.php\/wp-json\/wp\/v2\/users\/1"}],"replies":[{"embeddable":true,"href":"http:\/\/www.aykonbeton.com.tr\/index.php\/wp-json\/wp\/v2\/comments?post=8"}],"version-history":[{"count":2,"href":"http:\/\/www.aykonbeton.com.tr\/index.php\/wp-json\/wp\/v2\/pages\/8\/revisions"}],"predecessor-version":[{"id":21,"href":"http:\/\/www.aykonbeton.com.tr\/index.php\/wp-json\/wp\/v2\/pages\/8\/revisions\/21"}],"wp:attachment":[{"href":"http:\/\/www.aykonbeton.com.tr\/index.php\/wp-json\/wp\/v2\/media?parent=8"}],"curies":[{"name":"wp","href":"https:\/\/api.w.org\/{rel}","templated":true}]}}