{"id":24,"date":"2023-07-16T09:37:28","date_gmt":"2023-07-16T06:37:28","guid":{"rendered":"http:\/\/www.aykonbeton.com.tr\/?page_id=24"},"modified":"2024-01-31T09:09:58","modified_gmt":"2024-01-31T06:09:58","slug":"bize-ulasin","status":"publish","type":"page","link":"http:\/\/www.aykonbeton.com.tr\/index.php\/bize-ulasin\/","title":{"rendered":"B\u0130ZE ULA\u015eIN"},"content":{"rendered":"\r\n<p><strong>AYKON BETON \u0130N\u015eAAT MADENC\u0130L\u0130K SAN. VE T\u0130C. LTD. \u015eT\u0130.<\/strong><\/p>\r\n\r\n\r\n\r\n<p><strong>Mardin Tesisi:<\/strong> Nur Mah. \u00c7a\u011flar K\u00fcme Evleri No:7 Artuklu \/ MARD\u0130N<br \/><strong>M\u00fc\u015fteri Hizmetleri :<\/strong> +90 532 252 02 47<\/p>\r\n<p><iframe loading=\"lazy\" style=\"border: 0;\" src=\"https:\/\/www.google.com\/maps\/embed?pb=!1m14!1m8!1m3!1d3171.917381872729!2d40.6655231!3d37.3444646!3m2!1i1024!2i768!4f13.1!3m3!1m2!1s0x400a8fa55212e29b%3A0xb9b56b43904b8271!2zQVlLT04gQkVUT04gTUFSRMSwTiDFnlVCRVPEsA!5e0!3m2!1str!2str!4v1706619547574!5m2!1str!2str\" width=\"100%\" height=\"100%\" allowfullscreen=\"allowfullscreen\"><span data-mce-type=\"bookmark\" style=\"display: inline-block; width: 0px; overflow: hidden; line-height: 0;\" class=\"mce_SELRES_start\">\ufeff<\/span><span data-mce-type=\"bookmark\" style=\"display: inline-block; width: 0px; overflow: hidden; line-height: 0;\" class=\"mce_SELRES_start\">\ufeff<\/span><span data-mce-type=\"bookmark\" style=\"display: inline-block; width: 0px; overflow: hidden; line-height: 0;\" class=\"mce_SELRES_start\">\ufeff<\/span><\/iframe><\/p>\r\n<p>&nbsp;<\/p>\r\n\r\n\r\n\r\n<p><strong>Nusaybin Tesisi:<\/strong> Duruca Mah. E-24 Karayolu No:19 Nusaybin \/ MARD\u0130N<br \/><strong>M\u00fc\u015fteri Hizmetleri :<\/strong> +90 533 027 56 17<\/p>\r\n<p><iframe loading=\"lazy\" style=\"border: 0;\" src=\"https:\/\/www.google.com\/maps\/embed?pb=!1m14!1m8!1m3!1d235179.8860698027!2d40.90791910411488!3d37.139029332952404!3m2!1i1024!2i768!4f13.1!3m3!1m2!1s0x400a11528e7d3101%3A0x4ae75ec79aebcb23!2sAYKON%20BETON!5e0!3m2!1str!2str!4v1706619482555!5m2!1str!2str\" width=\"100%\" height=\"600px\" allowfullscreen=\"allowfullscreen\"><span data-mce-type=\"bookmark\" style=\"display: inline-block; width: 0px; overflow: hidden; line-height: 0;\" class=\"mce_SELRES_start\">\ufeff<\/span><\/iframe><\/p>\r\n<p><br \/><strong>E-posta :<\/strong> info@aykonbeton.com.tr<\/p>\r\n<p><\/p>","protected":false},"excerpt":{"rendered":"<p>AYKON BETON \u0130N\u015eAAT MADENC\u0130L\u0130K SAN. VE T\u0130C. LTD. \u015eT\u0130. Mardin Tesisi: Nur Mah. \u00c7a\u011flar K\u00fcme Evleri No:7 Artuklu \/ MARD\u0130NM\u00fc\u015fteri Hizmetleri : +90 532 252 02 47 \ufeff\ufeff\ufeff &nbsp; Nusaybin Tesisi: Duruca Mah. E-24 Karayolu No:19 Nusaybin \/ MARD\u0130NM\u00fc\u015fteri Hizmetleri : +90 533 027 56 17 \ufeff E-posta : info@aykonbeton.com.tr<\/p>\n","protected":false},"author":1,"featured_media":0,"parent":0,"menu_order":0,"comment_status":"closed","ping_status":"closed","template":"","meta":{"footnotes":""},"yoast_head":"<!-- This site is optimized with the Yoast SEO plugin v23.5 - https:\/\/yoast.com\/wordpress\/plugins\/seo\/ -->\r\n<title>B\u0130ZE ULA\u015eIN - Aykon Beton - Haz\u0131r Beton Nusaybin - Mardin<\/title>\r\n<meta name=\"robots\" content=\"index, follow, max-snippet:-1, max-image-preview:large, max-video-preview:-1\" \/>\r\n<link rel=\"canonical\" href=\"http:\/\/www.aykonbeton.com.tr\/index.php\/bize-ulasin\/\" \/>\r\n<meta property=\"og:locale\" content=\"tr_TR\" \/>\r\n<meta property=\"og:type\" content=\"article\" \/>\r\n<meta property=\"og:title\" content=\"B\u0130ZE ULA\u015eIN - Aykon Beton - Haz\u0131r Beton Nusaybin - Mardin\" \/>\r\n<meta property=\"og:description\" content=\"AYKON BETON \u0130N\u015eAAT MADENC\u0130L\u0130K SAN. VE T\u0130C. LTD. \u015eT\u0130. Mardin Tesisi: Nur Mah. \u00c7a\u011flar K\u00fcme Evleri No:7 Artuklu \/ MARD\u0130NM\u00fc\u015fteri Hizmetleri : +90 532 252 02 47 \ufeff\ufeff\ufeff &nbsp; Nusaybin Tesisi: Duruca Mah. E-24 Karayolu No:19 Nusaybin \/ MARD\u0130NM\u00fc\u015fteri Hizmetleri : +90 533 027 56 17 \ufeff E-posta : info@aykonbeton.com.tr\" \/>\r\n<meta property=\"og:url\" content=\"http:\/\/www.aykonbeton.com.tr\/index.php\/bize-ulasin\/\" \/>\r\n<meta property=\"og:site_name\" content=\"Aykon Beton - Haz\u0131r Beton Nusaybin - Mardin\" \/>\r\n<meta property=\"article:modified_time\" content=\"2024-01-31T06:09:58+00:00\" \/>\r\n<meta name=\"twitter:card\" content=\"summary_large_image\" \/>\r\n<meta name=\"twitter:label1\" content=\"Tahmini okuma s\u00fcresi\" \/>\n\t<meta name=\"twitter:data1\" content=\"1 dakika\" \/>\r\n<script type=\"application\/ld+json\" class=\"yoast-schema-graph\">{\"@context\":\"https:\/\/schema.org\",\"@graph\":[{\"@type\":\"WebPage\",\"@id\":\"http:\/\/www.aykonbeton.com.tr\/index.php\/bize-ulasin\/\",\"url\":\"http:\/\/www.aykonbeton.com.tr\/index.php\/bize-ulasin\/\",\"name\":\"B\u0130ZE ULA\u015eIN - Aykon Beton - Haz\u0131r Beton Nusaybin - Mardin\",\"isPartOf\":{\"@id\":\"http:\/\/www.aykonbeton.com.tr\/#website\"},\"datePublished\":\"2023-07-16T06:37:28+00:00\",\"dateModified\":\"2024-01-31T06:09:58+00:00\",\"breadcrumb\":{\"@id\":\"http:\/\/www.aykonbeton.com.tr\/index.php\/bize-ulasin\/#breadcrumb\"},\"inLanguage\":\"tr\",\"potentialAction\":[{\"@type\":\"ReadAction\",\"target\":[\"http:\/\/www.aykonbeton.com.tr\/index.php\/bize-ulasin\/\"]}]},{\"@type\":\"BreadcrumbList\",\"@id\":\"http:\/\/www.aykonbeton.com.tr\/index.php\/bize-ulasin\/#breadcrumb\",\"itemListElement\":[{\"@type\":\"ListItem\",\"position\":1,\"name\":\"Anasayfa\",\"item\":\"http:\/\/www.aykonbeton.com.tr\/\"},{\"@type\":\"ListItem\",\"position\":2,\"name\":\"B\u0130ZE ULA\u015eIN\"}]},{\"@type\":\"WebSite\",\"@id\":\"http:\/\/www.aykonbeton.com.tr\/#website\",\"url\":\"http:\/\/www.aykonbeton.com.tr\/\",\"name\":\"Aykon Beton - Haz\u0131r Beton Nusaybin - Mardin\",\"description\":\"Haz\u0131r Beton\",\"publisher\":{\"@id\":\"http:\/\/www.aykonbeton.com.tr\/#organization\"},\"potentialAction\":[{\"@type\":\"SearchAction\",\"target\":{\"@type\":\"EntryPoint\",\"urlTemplate\":\"http:\/\/www.aykonbeton.com.tr\/?s={search_term_string}\"},\"query-input\":{\"@type\":\"PropertyValueSpecification\",\"valueRequired\":true,\"valueName\":\"search_term_string\"}}],\"inLanguage\":\"tr\"},{\"@type\":\"Organization\",\"@id\":\"http:\/\/www.aykonbeton.com.tr\/#organization\",\"name\":\"Aykon Beton - Haz\u0131r Beton Nusaybin - Mardin\",\"url\":\"http:\/\/www.aykonbeton.com.tr\/\",\"logo\":{\"@type\":\"ImageObject\",\"inLanguage\":\"tr\",\"@id\":\"http:\/\/www.aykonbeton.com.tr\/#\/schema\/logo\/image\/\",\"url\":\"http:\/\/www.aykonbeton.com.tr\/wp-content\/uploads\/2024\/01\/aykonbetonlogo.png\",\"contentUrl\":\"http:\/\/www.aykonbeton.com.tr\/wp-content\/uploads\/2024\/01\/aykonbetonlogo.png\",\"width\":500,\"height\":115,\"caption\":\"Aykon Beton - Haz\u0131r Beton Nusaybin - Mardin\"},\"image\":{\"@id\":\"http:\/\/www.aykonbeton.com.tr\/#\/schema\/logo\/image\/\"},\"sameAs\":[\"https:\/\/www.instagram.com\/ozaydingrubu\/\"]}]}<\/script>\r\n<!-- \/ Yoast SEO plugin. -->","yoast_head_json":{"title":"B\u0130ZE ULA\u015eIN - Aykon Beton - Haz\u0131r Beton Nusaybin - Mardin","robots":{"index":"index","follow":"follow","max-snippet":"max-snippet:-1","max-image-preview":"max-image-preview:large","max-video-preview":"max-video-preview:-1"},"canonical":"http:\/\/www.aykonbeton.com.tr\/index.php\/bize-ulasin\/","og_locale":"tr_TR","og_type":"article","og_title":"B\u0130ZE ULA\u015eIN - Aykon Beton - Haz\u0131r Beton Nusaybin - Mardin","og_description":"AYKON BETON \u0130N\u015eAAT MADENC\u0130L\u0130K SAN. VE T\u0130C. LTD. \u015eT\u0130. Mardin Tesisi: Nur Mah. \u00c7a\u011flar K\u00fcme Evleri No:7 Artuklu \/ MARD\u0130NM\u00fc\u015fteri Hizmetleri : +90 532 252 02 47 \ufeff\ufeff\ufeff &nbsp; Nusaybin Tesisi: Duruca Mah. E-24 Karayolu No:19 Nusaybin \/ MARD\u0130NM\u00fc\u015fteri Hizmetleri : +90 533 027 56 17 \ufeff E-posta : info@aykonbeton.com.tr","og_url":"http:\/\/www.aykonbeton.com.tr\/index.php\/bize-ulasin\/","og_site_name":"Aykon Beton - Haz\u0131r Beton Nusaybin - Mardin","article_modified_time":"2024-01-31T06:09:58+00:00","twitter_card":"summary_large_image","twitter_misc":{"Tahmini okuma s\u00fcresi":"1 dakika"},"schema":{"@context":"https:\/\/schema.org","@graph":[{"@type":"WebPage","@id":"http:\/\/www.aykonbeton.com.tr\/index.php\/bize-ulasin\/","url":"http:\/\/www.aykonbeton.com.tr\/index.php\/bize-ulasin\/","name":"B\u0130ZE ULA\u015eIN - Aykon Beton - Haz\u0131r Beton Nusaybin - Mardin","isPartOf":{"@id":"http:\/\/www.aykonbeton.com.tr\/#website"},"datePublished":"2023-07-16T06:37:28+00:00","dateModified":"2024-01-31T06:09:58+00:00","breadcrumb":{"@id":"http:\/\/www.aykonbeton.com.tr\/index.php\/bize-ulasin\/#breadcrumb"},"inLanguage":"tr","potentialAction":[{"@type":"ReadAction","target":["http:\/\/www.aykonbeton.com.tr\/index.php\/bize-ulasin\/"]}]},{"@type":"BreadcrumbList","@id":"http:\/\/www.aykonbeton.com.tr\/index.php\/bize-ulasin\/#breadcrumb","itemListElement":[{"@type":"ListItem","position":1,"name":"Anasayfa","item":"http:\/\/www.aykonbeton.com.tr\/"},{"@type":"ListItem","position":2,"name":"B\u0130ZE ULA\u015eIN"}]},{"@type":"WebSite","@id":"http:\/\/www.aykonbeton.com.tr\/#website","url":"http:\/\/www.aykonbeton.com.tr\/","name":"Aykon Beton - Haz\u0131r Beton Nusaybin - Mardin","description":"Haz\u0131r Beton","publisher":{"@id":"http:\/\/www.aykonbeton.com.tr\/#organization"},"potentialAction":[{"@type":"SearchAction","target":{"@type":"EntryPoint","urlTemplate":"http:\/\/www.aykonbeton.com.tr\/?s={search_term_string}"},"query-input":{"@type":"PropertyValueSpecification","valueRequired":true,"valueName":"search_term_string"}}],"inLanguage":"tr"},{"@type":"Organization","@id":"http:\/\/www.aykonbeton.com.tr\/#organization","name":"Aykon Beton - Haz\u0131r Beton Nusaybin - Mardin","url":"http:\/\/www.aykonbeton.com.tr\/","logo":{"@type":"ImageObject","inLanguage":"tr","@id":"http:\/\/www.aykonbeton.com.tr\/#\/schema\/logo\/image\/","url":"http:\/\/www.aykonbeton.com.tr\/wp-content\/uploads\/2024\/01\/aykonbetonlogo.png","contentUrl":"http:\/\/www.aykonbeton.com.tr\/wp-content\/uploads\/2024\/01\/aykonbetonlogo.png","width":500,"height":115,"caption":"Aykon Beton - Haz\u0131r Beton Nusaybin - Mardin"},"image":{"@id":"http:\/\/www.aykonbeton.com.tr\/#\/schema\/logo\/image\/"},"sameAs":["https:\/\/www.instagram.com\/ozaydingrubu\/"]}]}},"jetpack_sharing_enabled":true,"_links":{"self":[{"href":"http:\/\/www.aykonbeton.com.tr\/index.php\/wp-json\/wp\/v2\/pages\/24"}],"collection":[{"href":"http:\/\/www.aykonbeton.com.tr\/index.php\/wp-json\/wp\/v2\/pages"}],"about":[{"href":"http:\/\/www.aykonbeton.com.tr\/index.php\/wp-json\/wp\/v2\/types\/page"}],"author":[{"embeddable":true,"href":"http:\/\/www.aykonbeton.com.tr\/index.php\/wp-json\/wp\/v2\/users\/1"}],"replies":[{"embeddable":true,"href":"http:\/\/www.aykonbeton.com.tr\/index.php\/wp-json\/wp\/v2\/comments?post=24"}],"version-history":[{"count":15,"href":"http:\/\/www.aykonbeton.com.tr\/index.php\/wp-json\/wp\/v2\/pages\/24\/revisions"}],"predecessor-version":[{"id":249,"href":"http:\/\/www.aykonbeton.com.tr\/index.php\/wp-json\/wp\/v2\/pages\/24\/revisions\/249"}],"wp:attachment":[{"href":"http:\/\/www.aykonbeton.com.tr\/index.php\/wp-json\/wp\/v2\/media?parent=24"}],"curies":[{"name":"wp","href":"https:\/\/api.w.org\/{rel}","templated":true}]}}