{"id":22,"date":"2023-07-16T09:36:42","date_gmt":"2023-07-16T06:36:42","guid":{"rendered":"http:\/\/www.aykonbeton.com.tr\/?page_id=22"},"modified":"2023-07-17T11:49:16","modified_gmt":"2023-07-17T08:49:16","slug":"referanslarimiz","status":"publish","type":"page","link":"http:\/\/www.aykonbeton.com.tr\/index.php\/referanslarimiz\/","title":{"rendered":"REFERANSLARIMIZ"},"content":{"rendered":"\r\n<p>NUSAYB\u0130N DEVLET HASTAHANES\u0130<\/p>\r\n\r\n\r\n\r\n\r\n\r\n<p>ENES M\u00dcTEAH\u0130TL\u0130K<\/p>\r\n\r\n\r\n\r\n<p>RAMANUS \u0130N\u015eAAT<\/p>\r\n\r\n\r\n\r\n<p>V\u0130KENT S\u0130TES\u0130<\/p>\r\n\r\n\r\n\r\n<p>SEL\u0130N S\u0130TES\u0130<\/p>\r\n\r\n\r\n\r\n<p>M.AK\u0130F ERSOY \u0130.\u00d6. OKULU<\/p>\r\n\r\n\r\n\r\n<p>PALM\u0130YE S\u0130TES\u0130<\/p>\r\n\r\n\r\n\r\n<p>MUNGAN \u0130N\u015eAAT<\/p>\r\n\r\n\r\n\r\n<p>DURUCA \u0130.\u00d6 OKULU<\/p>\r\n\r\n\r\n\r\n<p>NUSAYB\u0130N HALK E\u011e\u0130T\u0130M MERKEZ\u0130<\/p>\r\n<p>NUSAYB\u0130N JANDARMA TABURU<\/p>\r\n<p>MARD\u0130N TERM\u0130K SANTRAL\u0130<\/p>\r\n\r\n\r\n\r\n<p>AKTA\u015e \u0130\u015eHANI G\u0130RMEL\u0130 \u0130.\u00d6. OKULU<\/p>\r\n\r\n\r\n\r\n<p>TDKK B\u00dcY\u00dcK BA\u015e HAYVAN \u00c7\u0130FTL\u0130\u011e\u0130<\/p>\r\n\r\n\r\n\r\n\r\n\r\n<p>AYPET PETROL SAHA BETONU<\/p>\r\n\r\n\r\n\r\n<p>\u00c7ADIRKENT SA\u011eLIK VE OKUL B\u0130NALARI \u2026<\/p>\r\n\r\n\r\n\r\n<p>VE DAHA BURAYA SI\u011eDIRAMADI\u011eIMIZ DE\u011eERL\u0130 M\u00dc\u015eTER\u0130LER\u0130M\u0130Z\u2026<\/p>\r\n","protected":false},"excerpt":{"rendered":"<p>NUSAYB\u0130N DEVLET HASTAHANES\u0130 ENES M\u00dcTEAH\u0130TL\u0130K RAMANUS \u0130N\u015eAAT V\u0130KENT S\u0130TES\u0130 SEL\u0130N S\u0130TES\u0130 M.AK\u0130F ERSOY \u0130.\u00d6. OKULU PALM\u0130YE S\u0130TES\u0130 MUNGAN \u0130N\u015eAAT DURUCA \u0130.\u00d6 OKULU NUSAYB\u0130N HALK E\u011e\u0130T\u0130M MERKEZ\u0130 NUSAYB\u0130N JANDARMA TABURU MARD\u0130N TERM\u0130K SANTRAL\u0130 AKTA\u015e \u0130\u015eHANI G\u0130RMEL\u0130 \u0130.\u00d6. OKULU TDKK B\u00dcY\u00dcK BA\u015e HAYVAN \u00c7\u0130FTL\u0130\u011e\u0130 AYPET PETROL SAHA BETONU \u00c7ADIRKENT SA\u011eLIK VE OKUL B\u0130NALARI \u2026 VE DAHA BURAYA [&hellip;]<\/p>\n","protected":false},"author":1,"featured_media":0,"parent":0,"menu_order":0,"comment_status":"closed","ping_status":"closed","template":"","meta":{"footnotes":""},"yoast_head":"<!-- This site is optimized with the Yoast SEO plugin v23.5 - https:\/\/yoast.com\/wordpress\/plugins\/seo\/ -->\r\n<title>REFERANSLARIMIZ - Aykon Beton - Haz\u0131r Beton Nusaybin - Mardin<\/title>\r\n<meta name=\"robots\" content=\"index, follow, max-snippet:-1, max-image-preview:large, max-video-preview:-1\" \/>\r\n<link rel=\"canonical\" href=\"http:\/\/www.aykonbeton.com.tr\/index.php\/referanslarimiz\/\" \/>\r\n<meta property=\"og:locale\" content=\"tr_TR\" \/>\r\n<meta property=\"og:type\" content=\"article\" \/>\r\n<meta property=\"og:title\" content=\"REFERANSLARIMIZ - Aykon Beton - Haz\u0131r Beton Nusaybin - Mardin\" \/>\r\n<meta property=\"og:description\" content=\"NUSAYB\u0130N DEVLET HASTAHANES\u0130 ENES M\u00dcTEAH\u0130TL\u0130K RAMANUS \u0130N\u015eAAT V\u0130KENT S\u0130TES\u0130 SEL\u0130N S\u0130TES\u0130 M.AK\u0130F ERSOY \u0130.\u00d6. OKULU PALM\u0130YE S\u0130TES\u0130 MUNGAN \u0130N\u015eAAT DURUCA \u0130.\u00d6 OKULU NUSAYB\u0130N HALK E\u011e\u0130T\u0130M MERKEZ\u0130 NUSAYB\u0130N JANDARMA TABURU MARD\u0130N TERM\u0130K SANTRAL\u0130 AKTA\u015e \u0130\u015eHANI G\u0130RMEL\u0130 \u0130.\u00d6. OKULU TDKK B\u00dcY\u00dcK BA\u015e HAYVAN \u00c7\u0130FTL\u0130\u011e\u0130 AYPET PETROL SAHA BETONU \u00c7ADIRKENT SA\u011eLIK VE OKUL B\u0130NALARI \u2026 VE DAHA BURAYA [&hellip;]\" \/>\r\n<meta property=\"og:url\" content=\"http:\/\/www.aykonbeton.com.tr\/index.php\/referanslarimiz\/\" \/>\r\n<meta property=\"og:site_name\" content=\"Aykon Beton - Haz\u0131r Beton Nusaybin - Mardin\" \/>\r\n<meta property=\"article:modified_time\" content=\"2023-07-17T08:49:16+00:00\" \/>\r\n<meta name=\"twitter:card\" content=\"summary_large_image\" \/>\r\n<meta name=\"twitter:label1\" content=\"Tahmini okuma s\u00fcresi\" \/>\n\t<meta name=\"twitter:data1\" content=\"1 dakika\" \/>\r\n<script type=\"application\/ld+json\" class=\"yoast-schema-graph\">{\"@context\":\"https:\/\/schema.org\",\"@graph\":[{\"@type\":\"WebPage\",\"@id\":\"http:\/\/www.aykonbeton.com.tr\/index.php\/referanslarimiz\/\",\"url\":\"http:\/\/www.aykonbeton.com.tr\/index.php\/referanslarimiz\/\",\"name\":\"REFERANSLARIMIZ - Aykon Beton - Haz\u0131r Beton Nusaybin - Mardin\",\"isPartOf\":{\"@id\":\"http:\/\/www.aykonbeton.com.tr\/#website\"},\"datePublished\":\"2023-07-16T06:36:42+00:00\",\"dateModified\":\"2023-07-17T08:49:16+00:00\",\"breadcrumb\":{\"@id\":\"http:\/\/www.aykonbeton.com.tr\/index.php\/referanslarimiz\/#breadcrumb\"},\"inLanguage\":\"tr\",\"potentialAction\":[{\"@type\":\"ReadAction\",\"target\":[\"http:\/\/www.aykonbeton.com.tr\/index.php\/referanslarimiz\/\"]}]},{\"@type\":\"BreadcrumbList\",\"@id\":\"http:\/\/www.aykonbeton.com.tr\/index.php\/referanslarimiz\/#breadcrumb\",\"itemListElement\":[{\"@type\":\"ListItem\",\"position\":1,\"name\":\"Anasayfa\",\"item\":\"http:\/\/www.aykonbeton.com.tr\/\"},{\"@type\":\"ListItem\",\"position\":2,\"name\":\"REFERANSLARIMIZ\"}]},{\"@type\":\"WebSite\",\"@id\":\"http:\/\/www.aykonbeton.com.tr\/#website\",\"url\":\"http:\/\/www.aykonbeton.com.tr\/\",\"name\":\"Aykon Beton - Haz\u0131r Beton Nusaybin - Mardin\",\"description\":\"Haz\u0131r Beton\",\"publisher\":{\"@id\":\"http:\/\/www.aykonbeton.com.tr\/#organization\"},\"potentialAction\":[{\"@type\":\"SearchAction\",\"target\":{\"@type\":\"EntryPoint\",\"urlTemplate\":\"http:\/\/www.aykonbeton.com.tr\/?s={search_term_string}\"},\"query-input\":{\"@type\":\"PropertyValueSpecification\",\"valueRequired\":true,\"valueName\":\"search_term_string\"}}],\"inLanguage\":\"tr\"},{\"@type\":\"Organization\",\"@id\":\"http:\/\/www.aykonbeton.com.tr\/#organization\",\"name\":\"Aykon Beton - Haz\u0131r Beton Nusaybin - Mardin\",\"url\":\"http:\/\/www.aykonbeton.com.tr\/\",\"logo\":{\"@type\":\"ImageObject\",\"inLanguage\":\"tr\",\"@id\":\"http:\/\/www.aykonbeton.com.tr\/#\/schema\/logo\/image\/\",\"url\":\"http:\/\/www.aykonbeton.com.tr\/wp-content\/uploads\/2024\/01\/aykonbetonlogo.png\",\"contentUrl\":\"http:\/\/www.aykonbeton.com.tr\/wp-content\/uploads\/2024\/01\/aykonbetonlogo.png\",\"width\":500,\"height\":115,\"caption\":\"Aykon Beton - Haz\u0131r Beton Nusaybin - Mardin\"},\"image\":{\"@id\":\"http:\/\/www.aykonbeton.com.tr\/#\/schema\/logo\/image\/\"},\"sameAs\":[\"https:\/\/www.instagram.com\/ozaydingrubu\/\"]}]}<\/script>\r\n<!-- \/ Yoast SEO plugin. -->","yoast_head_json":{"title":"REFERANSLARIMIZ - Aykon Beton - Haz\u0131r Beton Nusaybin - Mardin","robots":{"index":"index","follow":"follow","max-snippet":"max-snippet:-1","max-image-preview":"max-image-preview:large","max-video-preview":"max-video-preview:-1"},"canonical":"http:\/\/www.aykonbeton.com.tr\/index.php\/referanslarimiz\/","og_locale":"tr_TR","og_type":"article","og_title":"REFERANSLARIMIZ - Aykon Beton - Haz\u0131r Beton Nusaybin - Mardin","og_description":"NUSAYB\u0130N DEVLET HASTAHANES\u0130 ENES M\u00dcTEAH\u0130TL\u0130K RAMANUS \u0130N\u015eAAT V\u0130KENT S\u0130TES\u0130 SEL\u0130N S\u0130TES\u0130 M.AK\u0130F ERSOY \u0130.\u00d6. OKULU PALM\u0130YE S\u0130TES\u0130 MUNGAN \u0130N\u015eAAT DURUCA \u0130.\u00d6 OKULU NUSAYB\u0130N HALK E\u011e\u0130T\u0130M MERKEZ\u0130 NUSAYB\u0130N JANDARMA TABURU MARD\u0130N TERM\u0130K SANTRAL\u0130 AKTA\u015e \u0130\u015eHANI G\u0130RMEL\u0130 \u0130.\u00d6. OKULU TDKK B\u00dcY\u00dcK BA\u015e HAYVAN \u00c7\u0130FTL\u0130\u011e\u0130 AYPET PETROL SAHA BETONU \u00c7ADIRKENT SA\u011eLIK VE OKUL B\u0130NALARI \u2026 VE DAHA BURAYA [&hellip;]","og_url":"http:\/\/www.aykonbeton.com.tr\/index.php\/referanslarimiz\/","og_site_name":"Aykon Beton - Haz\u0131r Beton Nusaybin - Mardin","article_modified_time":"2023-07-17T08:49:16+00:00","twitter_card":"summary_large_image","twitter_misc":{"Tahmini okuma s\u00fcresi":"1 dakika"},"schema":{"@context":"https:\/\/schema.org","@graph":[{"@type":"WebPage","@id":"http:\/\/www.aykonbeton.com.tr\/index.php\/referanslarimiz\/","url":"http:\/\/www.aykonbeton.com.tr\/index.php\/referanslarimiz\/","name":"REFERANSLARIMIZ - Aykon Beton - Haz\u0131r Beton Nusaybin - Mardin","isPartOf":{"@id":"http:\/\/www.aykonbeton.com.tr\/#website"},"datePublished":"2023-07-16T06:36:42+00:00","dateModified":"2023-07-17T08:49:16+00:00","breadcrumb":{"@id":"http:\/\/www.aykonbeton.com.tr\/index.php\/referanslarimiz\/#breadcrumb"},"inLanguage":"tr","potentialAction":[{"@type":"ReadAction","target":["http:\/\/www.aykonbeton.com.tr\/index.php\/referanslarimiz\/"]}]},{"@type":"BreadcrumbList","@id":"http:\/\/www.aykonbeton.com.tr\/index.php\/referanslarimiz\/#breadcrumb","itemListElement":[{"@type":"ListItem","position":1,"name":"Anasayfa","item":"http:\/\/www.aykonbeton.com.tr\/"},{"@type":"ListItem","position":2,"name":"REFERANSLARIMIZ"}]},{"@type":"WebSite","@id":"http:\/\/www.aykonbeton.com.tr\/#website","url":"http:\/\/www.aykonbeton.com.tr\/","name":"Aykon Beton - Haz\u0131r Beton Nusaybin - Mardin","description":"Haz\u0131r Beton","publisher":{"@id":"http:\/\/www.aykonbeton.com.tr\/#organization"},"potentialAction":[{"@type":"SearchAction","target":{"@type":"EntryPoint","urlTemplate":"http:\/\/www.aykonbeton.com.tr\/?s={search_term_string}"},"query-input":{"@type":"PropertyValueSpecification","valueRequired":true,"valueName":"search_term_string"}}],"inLanguage":"tr"},{"@type":"Organization","@id":"http:\/\/www.aykonbeton.com.tr\/#organization","name":"Aykon Beton - Haz\u0131r Beton Nusaybin - Mardin","url":"http:\/\/www.aykonbeton.com.tr\/","logo":{"@type":"ImageObject","inLanguage":"tr","@id":"http:\/\/www.aykonbeton.com.tr\/#\/schema\/logo\/image\/","url":"http:\/\/www.aykonbeton.com.tr\/wp-content\/uploads\/2024\/01\/aykonbetonlogo.png","contentUrl":"http:\/\/www.aykonbeton.com.tr\/wp-content\/uploads\/2024\/01\/aykonbetonlogo.png","width":500,"height":115,"caption":"Aykon Beton - Haz\u0131r Beton Nusaybin - Mardin"},"image":{"@id":"http:\/\/www.aykonbeton.com.tr\/#\/schema\/logo\/image\/"},"sameAs":["https:\/\/www.instagram.com\/ozaydingrubu\/"]}]}},"jetpack_sharing_enabled":true,"_links":{"self":[{"href":"http:\/\/www.aykonbeton.com.tr\/index.php\/wp-json\/wp\/v2\/pages\/22"}],"collection":[{"href":"http:\/\/www.aykonbeton.com.tr\/index.php\/wp-json\/wp\/v2\/pages"}],"about":[{"href":"http:\/\/www.aykonbeton.com.tr\/index.php\/wp-json\/wp\/v2\/types\/page"}],"author":[{"embeddable":true,"href":"http:\/\/www.aykonbeton.com.tr\/index.php\/wp-json\/wp\/v2\/users\/1"}],"replies":[{"embeddable":true,"href":"http:\/\/www.aykonbeton.com.tr\/index.php\/wp-json\/wp\/v2\/comments?post=22"}],"version-history":[{"count":4,"href":"http:\/\/www.aykonbeton.com.tr\/index.php\/wp-json\/wp\/v2\/pages\/22\/revisions"}],"predecessor-version":[{"id":204,"href":"http:\/\/www.aykonbeton.com.tr\/index.php\/wp-json\/wp\/v2\/pages\/22\/revisions\/204"}],"wp:attachment":[{"href":"http:\/\/www.aykonbeton.com.tr\/index.php\/wp-json\/wp\/v2\/media?parent=22"}],"curies":[{"name":"wp","href":"https:\/\/api.w.org\/{rel}","templated":true}]}}