{"id":16,"date":"2023-07-16T09:33:54","date_gmt":"2023-07-16T06:33:54","guid":{"rendered":"http:\/\/www.aykonbeton.com.tr\/?page_id=16"},"modified":"2023-07-16T09:33:56","modified_gmt":"2023-07-16T06:33:56","slug":"urunlerimiz","status":"publish","type":"page","link":"http:\/\/www.aykonbeton.com.tr\/index.php\/urunlerimiz\/","title":{"rendered":"\u00dcR\u00dcNLER\u0130M\u0130Z"},"content":{"rendered":"\n<figure class=\"wp-block-table\"><table><thead><tr><td>Grup<\/td><td>Beton S\u0131n\u0131f\u0131<\/td><td>Silindir Bas\u0131n\u00e7 Dayan\u0131m\u0131<\/td><td>Beton S\u0131n\u0131f\u0131<\/td><\/tr><\/thead><tbody><tr><td><strong>Beton<\/strong><\/td><td><strong>C 14<\/strong><\/td><td><strong>14<\/strong><\/td><td><strong>16<\/strong><\/td><\/tr><tr><td><strong>Beton<\/strong><\/td><td><strong>C 16<\/strong><\/td><td><strong>16<\/strong><\/td><td><strong>20<\/strong><\/td><\/tr><tr><td><strong>Beton<\/strong><\/td><td><strong>C 18<\/strong><\/td><td><strong>18<\/strong><\/td><td><strong>22.5<\/strong><\/td><\/tr><tr><td><strong>Beton<\/strong><\/td><td><strong>C 20<\/strong><\/td><td><strong>20<\/strong><\/td><td><strong>25<\/strong><\/td><\/tr><tr><td><strong>Beton<\/strong><\/td><td><strong>C 25<\/strong><\/td><td><strong>25<\/strong><\/td><td><strong>30<\/strong><\/td><\/tr><tr><td><strong>Beton<\/strong><\/td><td><strong>C 30<\/strong><\/td><td><strong>30<\/strong><\/td><td><strong>37<\/strong><\/td><\/tr><tr><td><strong>Beton<\/strong><\/td><td><strong>C 35<\/strong><\/td><td><strong>35<\/strong><\/td><td><strong>45<\/strong><\/td><\/tr><tr><td><strong>Beton<\/strong><\/td><td><strong>C 40<\/strong><\/td><td><strong>40<\/strong><\/td><td><strong>50<\/strong><\/td><\/tr><\/tbody><\/table><\/figure>\n","protected":false},"excerpt":{"rendered":"<p>Grup Beton S\u0131n\u0131f\u0131 Silindir Bas\u0131n\u00e7 Dayan\u0131m\u0131 Beton S\u0131n\u0131f\u0131 Beton C 14 14 16 Beton C 16 16 20 Beton C 18 18 22.5 Beton C 20 20 25 Beton C 25 25 30 Beton C 30 30 37 Beton C 35 35 45 Beton C 40 40 50<\/p>\n","protected":false},"author":1,"featured_media":0,"parent":0,"menu_order":0,"comment_status":"closed","ping_status":"closed","template":"","meta":{"footnotes":""},"yoast_head":"<!-- This site is optimized with the Yoast SEO plugin v23.5 - https:\/\/yoast.com\/wordpress\/plugins\/seo\/ -->\r\n<title>\u00dcR\u00dcNLER\u0130M\u0130Z - Aykon Beton - Haz\u0131r Beton Nusaybin - Mardin<\/title>\r\n<meta name=\"robots\" content=\"index, follow, max-snippet:-1, max-image-preview:large, max-video-preview:-1\" \/>\r\n<link rel=\"canonical\" href=\"http:\/\/www.aykonbeton.com.tr\/index.php\/urunlerimiz\/\" \/>\r\n<meta property=\"og:locale\" content=\"tr_TR\" \/>\r\n<meta property=\"og:type\" content=\"article\" \/>\r\n<meta property=\"og:title\" content=\"\u00dcR\u00dcNLER\u0130M\u0130Z - Aykon Beton - Haz\u0131r Beton Nusaybin - Mardin\" \/>\r\n<meta property=\"og:description\" content=\"Grup Beton S\u0131n\u0131f\u0131 Silindir Bas\u0131n\u00e7 Dayan\u0131m\u0131 Beton S\u0131n\u0131f\u0131 Beton C 14 14 16 Beton C 16 16 20 Beton C 18 18 22.5 Beton C 20 20 25 Beton C 25 25 30 Beton C 30 30 37 Beton C 35 35 45 Beton C 40 40 50\" \/>\r\n<meta property=\"og:url\" content=\"http:\/\/www.aykonbeton.com.tr\/index.php\/urunlerimiz\/\" \/>\r\n<meta property=\"og:site_name\" content=\"Aykon Beton - Haz\u0131r Beton Nusaybin - Mardin\" \/>\r\n<meta property=\"article:modified_time\" content=\"2023-07-16T06:33:56+00:00\" \/>\r\n<meta name=\"twitter:card\" content=\"summary_large_image\" \/>\r\n<script type=\"application\/ld+json\" class=\"yoast-schema-graph\">{\"@context\":\"https:\/\/schema.org\",\"@graph\":[{\"@type\":\"WebPage\",\"@id\":\"http:\/\/www.aykonbeton.com.tr\/index.php\/urunlerimiz\/\",\"url\":\"http:\/\/www.aykonbeton.com.tr\/index.php\/urunlerimiz\/\",\"name\":\"\u00dcR\u00dcNLER\u0130M\u0130Z - Aykon Beton - Haz\u0131r Beton Nusaybin - Mardin\",\"isPartOf\":{\"@id\":\"http:\/\/www.aykonbeton.com.tr\/#website\"},\"datePublished\":\"2023-07-16T06:33:54+00:00\",\"dateModified\":\"2023-07-16T06:33:56+00:00\",\"breadcrumb\":{\"@id\":\"http:\/\/www.aykonbeton.com.tr\/index.php\/urunlerimiz\/#breadcrumb\"},\"inLanguage\":\"tr\",\"potentialAction\":[{\"@type\":\"ReadAction\",\"target\":[\"http:\/\/www.aykonbeton.com.tr\/index.php\/urunlerimiz\/\"]}]},{\"@type\":\"BreadcrumbList\",\"@id\":\"http:\/\/www.aykonbeton.com.tr\/index.php\/urunlerimiz\/#breadcrumb\",\"itemListElement\":[{\"@type\":\"ListItem\",\"position\":1,\"name\":\"Anasayfa\",\"item\":\"http:\/\/www.aykonbeton.com.tr\/\"},{\"@type\":\"ListItem\",\"position\":2,\"name\":\"\u00dcR\u00dcNLER\u0130M\u0130Z\"}]},{\"@type\":\"WebSite\",\"@id\":\"http:\/\/www.aykonbeton.com.tr\/#website\",\"url\":\"http:\/\/www.aykonbeton.com.tr\/\",\"name\":\"Aykon Beton - Haz\u0131r Beton Nusaybin - Mardin\",\"description\":\"Haz\u0131r Beton\",\"publisher\":{\"@id\":\"http:\/\/www.aykonbeton.com.tr\/#organization\"},\"potentialAction\":[{\"@type\":\"SearchAction\",\"target\":{\"@type\":\"EntryPoint\",\"urlTemplate\":\"http:\/\/www.aykonbeton.com.tr\/?s={search_term_string}\"},\"query-input\":{\"@type\":\"PropertyValueSpecification\",\"valueRequired\":true,\"valueName\":\"search_term_string\"}}],\"inLanguage\":\"tr\"},{\"@type\":\"Organization\",\"@id\":\"http:\/\/www.aykonbeton.com.tr\/#organization\",\"name\":\"Aykon Beton - Haz\u0131r Beton Nusaybin - Mardin\",\"url\":\"http:\/\/www.aykonbeton.com.tr\/\",\"logo\":{\"@type\":\"ImageObject\",\"inLanguage\":\"tr\",\"@id\":\"http:\/\/www.aykonbeton.com.tr\/#\/schema\/logo\/image\/\",\"url\":\"http:\/\/www.aykonbeton.com.tr\/wp-content\/uploads\/2024\/01\/aykonbetonlogo.png\",\"contentUrl\":\"http:\/\/www.aykonbeton.com.tr\/wp-content\/uploads\/2024\/01\/aykonbetonlogo.png\",\"width\":500,\"height\":115,\"caption\":\"Aykon Beton - Haz\u0131r Beton Nusaybin - Mardin\"},\"image\":{\"@id\":\"http:\/\/www.aykonbeton.com.tr\/#\/schema\/logo\/image\/\"},\"sameAs\":[\"https:\/\/www.instagram.com\/ozaydingrubu\/\"]}]}<\/script>\r\n<!-- \/ Yoast SEO plugin. -->","yoast_head_json":{"title":"\u00dcR\u00dcNLER\u0130M\u0130Z - Aykon Beton - Haz\u0131r Beton Nusaybin - Mardin","robots":{"index":"index","follow":"follow","max-snippet":"max-snippet:-1","max-image-preview":"max-image-preview:large","max-video-preview":"max-video-preview:-1"},"canonical":"http:\/\/www.aykonbeton.com.tr\/index.php\/urunlerimiz\/","og_locale":"tr_TR","og_type":"article","og_title":"\u00dcR\u00dcNLER\u0130M\u0130Z - Aykon Beton - Haz\u0131r Beton Nusaybin - Mardin","og_description":"Grup Beton S\u0131n\u0131f\u0131 Silindir Bas\u0131n\u00e7 Dayan\u0131m\u0131 Beton S\u0131n\u0131f\u0131 Beton C 14 14 16 Beton C 16 16 20 Beton C 18 18 22.5 Beton C 20 20 25 Beton C 25 25 30 Beton C 30 30 37 Beton C 35 35 45 Beton C 40 40 50","og_url":"http:\/\/www.aykonbeton.com.tr\/index.php\/urunlerimiz\/","og_site_name":"Aykon Beton - Haz\u0131r Beton Nusaybin - Mardin","article_modified_time":"2023-07-16T06:33:56+00:00","twitter_card":"summary_large_image","schema":{"@context":"https:\/\/schema.org","@graph":[{"@type":"WebPage","@id":"http:\/\/www.aykonbeton.com.tr\/index.php\/urunlerimiz\/","url":"http:\/\/www.aykonbeton.com.tr\/index.php\/urunlerimiz\/","name":"\u00dcR\u00dcNLER\u0130M\u0130Z - Aykon Beton - Haz\u0131r Beton Nusaybin - Mardin","isPartOf":{"@id":"http:\/\/www.aykonbeton.com.tr\/#website"},"datePublished":"2023-07-16T06:33:54+00:00","dateModified":"2023-07-16T06:33:56+00:00","breadcrumb":{"@id":"http:\/\/www.aykonbeton.com.tr\/index.php\/urunlerimiz\/#breadcrumb"},"inLanguage":"tr","potentialAction":[{"@type":"ReadAction","target":["http:\/\/www.aykonbeton.com.tr\/index.php\/urunlerimiz\/"]}]},{"@type":"BreadcrumbList","@id":"http:\/\/www.aykonbeton.com.tr\/index.php\/urunlerimiz\/#breadcrumb","itemListElement":[{"@type":"ListItem","position":1,"name":"Anasayfa","item":"http:\/\/www.aykonbeton.com.tr\/"},{"@type":"ListItem","position":2,"name":"\u00dcR\u00dcNLER\u0130M\u0130Z"}]},{"@type":"WebSite","@id":"http:\/\/www.aykonbeton.com.tr\/#website","url":"http:\/\/www.aykonbeton.com.tr\/","name":"Aykon Beton - Haz\u0131r Beton Nusaybin - Mardin","description":"Haz\u0131r Beton","publisher":{"@id":"http:\/\/www.aykonbeton.com.tr\/#organization"},"potentialAction":[{"@type":"SearchAction","target":{"@type":"EntryPoint","urlTemplate":"http:\/\/www.aykonbeton.com.tr\/?s={search_term_string}"},"query-input":{"@type":"PropertyValueSpecification","valueRequired":true,"valueName":"search_term_string"}}],"inLanguage":"tr"},{"@type":"Organization","@id":"http:\/\/www.aykonbeton.com.tr\/#organization","name":"Aykon Beton - Haz\u0131r Beton Nusaybin - Mardin","url":"http:\/\/www.aykonbeton.com.tr\/","logo":{"@type":"ImageObject","inLanguage":"tr","@id":"http:\/\/www.aykonbeton.com.tr\/#\/schema\/logo\/image\/","url":"http:\/\/www.aykonbeton.com.tr\/wp-content\/uploads\/2024\/01\/aykonbetonlogo.png","contentUrl":"http:\/\/www.aykonbeton.com.tr\/wp-content\/uploads\/2024\/01\/aykonbetonlogo.png","width":500,"height":115,"caption":"Aykon Beton - Haz\u0131r Beton Nusaybin - Mardin"},"image":{"@id":"http:\/\/www.aykonbeton.com.tr\/#\/schema\/logo\/image\/"},"sameAs":["https:\/\/www.instagram.com\/ozaydingrubu\/"]}]}},"jetpack_sharing_enabled":true,"_links":{"self":[{"href":"http:\/\/www.aykonbeton.com.tr\/index.php\/wp-json\/wp\/v2\/pages\/16"}],"collection":[{"href":"http:\/\/www.aykonbeton.com.tr\/index.php\/wp-json\/wp\/v2\/pages"}],"about":[{"href":"http:\/\/www.aykonbeton.com.tr\/index.php\/wp-json\/wp\/v2\/types\/page"}],"author":[{"embeddable":true,"href":"http:\/\/www.aykonbeton.com.tr\/index.php\/wp-json\/wp\/v2\/users\/1"}],"replies":[{"embeddable":true,"href":"http:\/\/www.aykonbeton.com.tr\/index.php\/wp-json\/wp\/v2\/comments?post=16"}],"version-history":[{"count":1,"href":"http:\/\/www.aykonbeton.com.tr\/index.php\/wp-json\/wp\/v2\/pages\/16\/revisions"}],"predecessor-version":[{"id":17,"href":"http:\/\/www.aykonbeton.com.tr\/index.php\/wp-json\/wp\/v2\/pages\/16\/revisions\/17"}],"wp:attachment":[{"href":"http:\/\/www.aykonbeton.com.tr\/index.php\/wp-json\/wp\/v2\/media?parent=16"}],"curies":[{"name":"wp","href":"https:\/\/api.w.org\/{rel}","templated":true}]}}