{"id":14,"date":"2023-07-16T09:33:33","date_gmt":"2023-07-16T06:33:33","guid":{"rendered":"http:\/\/www.aykonbeton.com.tr\/?page_id=14"},"modified":"2023-07-17T10:14:37","modified_gmt":"2023-07-17T07:14:37","slug":"tesislerimiz","status":"publish","type":"page","link":"http:\/\/www.aykonbeton.com.tr\/index.php\/tesislerimiz\/","title":{"rendered":"TES\u0130SLER\u0130M\u0130Z"},"content":{"rendered":"\r\n<p>MARD\u0130N TES\u0130S\u0130M\u0130Z<br \/>10.000 metrekare alan \u00fczerine kurulu tesisimizde 1 adet beton tesisi ve bu tesislerin t\u00fcm\u00fcnde makine park\u0131 tamir ve bak\u0131mlar\u0131 i\u00e7in bak\u0131mhane bulunmaktad\u0131r. \u015eirketimize ait i\u015f makinalar\u0131n\u0131n t\u00fcm\u00fcn\u00fcn bak\u0131m ve tamir i\u015flerinin kendi b\u00fcnyemizde yap\u0131l\u0131yor olmas\u0131 bir avantaj olman\u0131n yan\u0131 s\u0131ra, \u00f6zellikle b\u00fcy\u00fck proje betonlar\u0131nda aksamadan s\u00fcratl\u0131 ve s\u00fcrekli hizmet verebilmenin imkan\u0131n\u0131 sa\u011fl\u0131yoruz.<\/p>\r\n<p>NUSAYB\u0130N TES\u0130S\u0130M\u0130Z<br \/>15.000 metrekare alan \u00fczerine kurulu tesisimizde 1 adet beton tesisi ve bu tesislerin t\u00fcm\u00fcnde makine park\u0131 tamir ve bak\u0131mlar\u0131 i\u00e7in bak\u0131mhane bulunmaktad\u0131r. \u015eirketimize ait i\u015f makinalar\u0131n\u0131n t\u00fcm\u00fcn\u00fcn bak\u0131m ve tamir i\u015flerinin kendi b\u00fcnyemizde yap\u0131l\u0131yor olmas\u0131 bir avantaj olman\u0131n yan\u0131 s\u0131ra, \u00f6zellikle b\u00fcy\u00fck proje betonlar\u0131nda aksamadan s\u00fcratl\u0131 ve s\u00fcrekli hizmet verebilmenin imkan\u0131n\u0131 sa\u011fl\u0131yoruz.<\/p>\r\n<p>&nbsp;<\/p>\r\n<p>Haz\u0131r Beton \u00dcretimi Beton \u00fcretiminde \u00f6nce kullan\u0131lacak do\u011fru se\u00e7ilmi\u015f malzemelerin kalitelerini ve birbirlerine uyumunu incelemek i\u00e7in kalite kontrol laboratuar\u0131nda deneyler yap\u0131l\u0131r. Haz\u0131r betonun \u00fcretim s\u00fcreci, santral operat\u00f6r\u00fcn\u00fcn \u00fcretilecek betonu tan\u0131mlayan re\u00e7etenin bilgisayar sistemini ba\u015flatmas\u0131yla ba\u015flar. \u0130lk komuttan sonra ayr\u0131 b\u00f6l\u00fcmlerde stoklanm\u0131\u015f agrega, \u00e7imento ve su tart\u0131l\u0131r. Tart\u0131lm\u0131\u015f agrega bant vas\u0131tas\u0131yla kar\u0131\u015ft\u0131rma kazan\u0131na ta\u015f\u0131n\u0131r. Bu s\u0131rada \u00e7imento su ve katk\u0131 maddeside kar\u0131\u015ft\u0131rma kazan\u0131na aktar\u0131l\u0131r ve kar\u0131\u015ft\u0131r\u0131l\u0131r. Yeterince kar\u0131\u015ft\u0131r\u0131lm\u0131\u015f olan harman trans mikserlere bo\u015falt\u0131l\u0131r. Dolum bitinceye kadar ayn\u0131 i\u015flem periyodik olarak devam eder. Transmikserlere bo\u015falt\u0131lan haz\u0131r beton in\u015faat alan\u0131nda beton pompas\u0131 arac\u0131l\u0131\u011f\u0131yla haz\u0131r bulunan kal\u0131plara yerle\u015ftirilir. Aykon Beton ,g\u00fcnden g\u00fcne g\u00fc\u00e7lenerek b\u00fcy\u00fcyen ve kalitesinden \u00f6d\u00fcn vermeyen firmam\u0131zla \u00e7al\u0131\u015fma s\u0131ras\u0131 \u015fimdi sizin!<\/p>\r\n","protected":false},"excerpt":{"rendered":"<p>MARD\u0130N TES\u0130S\u0130M\u0130Z10.000 metrekare alan \u00fczerine kurulu tesisimizde 1 adet beton tesisi ve bu tesislerin t\u00fcm\u00fcnde makine park\u0131 tamir ve bak\u0131mlar\u0131 i\u00e7in bak\u0131mhane bulunmaktad\u0131r. \u015eirketimize ait i\u015f makinalar\u0131n\u0131n t\u00fcm\u00fcn\u00fcn bak\u0131m ve tamir i\u015flerinin kendi b\u00fcnyemizde yap\u0131l\u0131yor olmas\u0131 bir avantaj olman\u0131n yan\u0131 s\u0131ra, \u00f6zellikle b\u00fcy\u00fck proje betonlar\u0131nda aksamadan s\u00fcratl\u0131 ve s\u00fcrekli hizmet verebilmenin imkan\u0131n\u0131 sa\u011fl\u0131yoruz. NUSAYB\u0130N TES\u0130S\u0130M\u0130Z15.000 [&hellip;]<\/p>\n","protected":false},"author":1,"featured_media":0,"parent":0,"menu_order":0,"comment_status":"closed","ping_status":"closed","template":"","meta":{"footnotes":""},"yoast_head":"<!-- This site is optimized with the Yoast SEO plugin v23.5 - https:\/\/yoast.com\/wordpress\/plugins\/seo\/ -->\r\n<title>TES\u0130SLER\u0130M\u0130Z - Aykon Beton - Haz\u0131r Beton Nusaybin - Mardin<\/title>\r\n<meta name=\"robots\" content=\"index, follow, max-snippet:-1, max-image-preview:large, max-video-preview:-1\" \/>\r\n<link rel=\"canonical\" href=\"http:\/\/www.aykonbeton.com.tr\/index.php\/tesislerimiz\/\" \/>\r\n<meta property=\"og:locale\" content=\"tr_TR\" \/>\r\n<meta property=\"og:type\" content=\"article\" \/>\r\n<meta property=\"og:title\" content=\"TES\u0130SLER\u0130M\u0130Z - Aykon Beton - Haz\u0131r Beton Nusaybin - Mardin\" \/>\r\n<meta property=\"og:description\" content=\"MARD\u0130N TES\u0130S\u0130M\u0130Z10.000 metrekare alan \u00fczerine kurulu tesisimizde 1 adet beton tesisi ve bu tesislerin t\u00fcm\u00fcnde makine park\u0131 tamir ve bak\u0131mlar\u0131 i\u00e7in bak\u0131mhane bulunmaktad\u0131r. \u015eirketimize ait i\u015f makinalar\u0131n\u0131n t\u00fcm\u00fcn\u00fcn bak\u0131m ve tamir i\u015flerinin kendi b\u00fcnyemizde yap\u0131l\u0131yor olmas\u0131 bir avantaj olman\u0131n yan\u0131 s\u0131ra, \u00f6zellikle b\u00fcy\u00fck proje betonlar\u0131nda aksamadan s\u00fcratl\u0131 ve s\u00fcrekli hizmet verebilmenin imkan\u0131n\u0131 sa\u011fl\u0131yoruz. NUSAYB\u0130N TES\u0130S\u0130M\u0130Z15.000 [&hellip;]\" \/>\r\n<meta property=\"og:url\" content=\"http:\/\/www.aykonbeton.com.tr\/index.php\/tesislerimiz\/\" \/>\r\n<meta property=\"og:site_name\" content=\"Aykon Beton - Haz\u0131r Beton Nusaybin - Mardin\" \/>\r\n<meta property=\"article:modified_time\" content=\"2023-07-17T07:14:37+00:00\" \/>\r\n<meta name=\"twitter:card\" content=\"summary_large_image\" \/>\r\n<meta name=\"twitter:label1\" content=\"Tahmini okuma s\u00fcresi\" \/>\n\t<meta name=\"twitter:data1\" content=\"2 dakika\" \/>\r\n<script type=\"application\/ld+json\" class=\"yoast-schema-graph\">{\"@context\":\"https:\/\/schema.org\",\"@graph\":[{\"@type\":\"WebPage\",\"@id\":\"http:\/\/www.aykonbeton.com.tr\/index.php\/tesislerimiz\/\",\"url\":\"http:\/\/www.aykonbeton.com.tr\/index.php\/tesislerimiz\/\",\"name\":\"TES\u0130SLER\u0130M\u0130Z - Aykon Beton - Haz\u0131r Beton Nusaybin - Mardin\",\"isPartOf\":{\"@id\":\"http:\/\/www.aykonbeton.com.tr\/#website\"},\"datePublished\":\"2023-07-16T06:33:33+00:00\",\"dateModified\":\"2023-07-17T07:14:37+00:00\",\"breadcrumb\":{\"@id\":\"http:\/\/www.aykonbeton.com.tr\/index.php\/tesislerimiz\/#breadcrumb\"},\"inLanguage\":\"tr\",\"potentialAction\":[{\"@type\":\"ReadAction\",\"target\":[\"http:\/\/www.aykonbeton.com.tr\/index.php\/tesislerimiz\/\"]}]},{\"@type\":\"BreadcrumbList\",\"@id\":\"http:\/\/www.aykonbeton.com.tr\/index.php\/tesislerimiz\/#breadcrumb\",\"itemListElement\":[{\"@type\":\"ListItem\",\"position\":1,\"name\":\"Anasayfa\",\"item\":\"http:\/\/www.aykonbeton.com.tr\/\"},{\"@type\":\"ListItem\",\"position\":2,\"name\":\"TES\u0130SLER\u0130M\u0130Z\"}]},{\"@type\":\"WebSite\",\"@id\":\"http:\/\/www.aykonbeton.com.tr\/#website\",\"url\":\"http:\/\/www.aykonbeton.com.tr\/\",\"name\":\"Aykon Beton - Haz\u0131r Beton Nusaybin - Mardin\",\"description\":\"Haz\u0131r Beton\",\"publisher\":{\"@id\":\"http:\/\/www.aykonbeton.com.tr\/#organization\"},\"potentialAction\":[{\"@type\":\"SearchAction\",\"target\":{\"@type\":\"EntryPoint\",\"urlTemplate\":\"http:\/\/www.aykonbeton.com.tr\/?s={search_term_string}\"},\"query-input\":{\"@type\":\"PropertyValueSpecification\",\"valueRequired\":true,\"valueName\":\"search_term_string\"}}],\"inLanguage\":\"tr\"},{\"@type\":\"Organization\",\"@id\":\"http:\/\/www.aykonbeton.com.tr\/#organization\",\"name\":\"Aykon Beton - Haz\u0131r Beton Nusaybin - Mardin\",\"url\":\"http:\/\/www.aykonbeton.com.tr\/\",\"logo\":{\"@type\":\"ImageObject\",\"inLanguage\":\"tr\",\"@id\":\"http:\/\/www.aykonbeton.com.tr\/#\/schema\/logo\/image\/\",\"url\":\"http:\/\/www.aykonbeton.com.tr\/wp-content\/uploads\/2024\/01\/aykonbetonlogo.png\",\"contentUrl\":\"http:\/\/www.aykonbeton.com.tr\/wp-content\/uploads\/2024\/01\/aykonbetonlogo.png\",\"width\":500,\"height\":115,\"caption\":\"Aykon Beton - Haz\u0131r Beton Nusaybin - Mardin\"},\"image\":{\"@id\":\"http:\/\/www.aykonbeton.com.tr\/#\/schema\/logo\/image\/\"},\"sameAs\":[\"https:\/\/www.instagram.com\/ozaydingrubu\/\"]}]}<\/script>\r\n<!-- \/ Yoast SEO plugin. -->","yoast_head_json":{"title":"TES\u0130SLER\u0130M\u0130Z - Aykon Beton - Haz\u0131r Beton Nusaybin - Mardin","robots":{"index":"index","follow":"follow","max-snippet":"max-snippet:-1","max-image-preview":"max-image-preview:large","max-video-preview":"max-video-preview:-1"},"canonical":"http:\/\/www.aykonbeton.com.tr\/index.php\/tesislerimiz\/","og_locale":"tr_TR","og_type":"article","og_title":"TES\u0130SLER\u0130M\u0130Z - Aykon Beton - Haz\u0131r Beton Nusaybin - Mardin","og_description":"MARD\u0130N TES\u0130S\u0130M\u0130Z10.000 metrekare alan \u00fczerine kurulu tesisimizde 1 adet beton tesisi ve bu tesislerin t\u00fcm\u00fcnde makine park\u0131 tamir ve bak\u0131mlar\u0131 i\u00e7in bak\u0131mhane bulunmaktad\u0131r. \u015eirketimize ait i\u015f makinalar\u0131n\u0131n t\u00fcm\u00fcn\u00fcn bak\u0131m ve tamir i\u015flerinin kendi b\u00fcnyemizde yap\u0131l\u0131yor olmas\u0131 bir avantaj olman\u0131n yan\u0131 s\u0131ra, \u00f6zellikle b\u00fcy\u00fck proje betonlar\u0131nda aksamadan s\u00fcratl\u0131 ve s\u00fcrekli hizmet verebilmenin imkan\u0131n\u0131 sa\u011fl\u0131yoruz. NUSAYB\u0130N TES\u0130S\u0130M\u0130Z15.000 [&hellip;]","og_url":"http:\/\/www.aykonbeton.com.tr\/index.php\/tesislerimiz\/","og_site_name":"Aykon Beton - Haz\u0131r Beton Nusaybin - Mardin","article_modified_time":"2023-07-17T07:14:37+00:00","twitter_card":"summary_large_image","twitter_misc":{"Tahmini okuma s\u00fcresi":"2 dakika"},"schema":{"@context":"https:\/\/schema.org","@graph":[{"@type":"WebPage","@id":"http:\/\/www.aykonbeton.com.tr\/index.php\/tesislerimiz\/","url":"http:\/\/www.aykonbeton.com.tr\/index.php\/tesislerimiz\/","name":"TES\u0130SLER\u0130M\u0130Z - Aykon Beton - Haz\u0131r Beton Nusaybin - Mardin","isPartOf":{"@id":"http:\/\/www.aykonbeton.com.tr\/#website"},"datePublished":"2023-07-16T06:33:33+00:00","dateModified":"2023-07-17T07:14:37+00:00","breadcrumb":{"@id":"http:\/\/www.aykonbeton.com.tr\/index.php\/tesislerimiz\/#breadcrumb"},"inLanguage":"tr","potentialAction":[{"@type":"ReadAction","target":["http:\/\/www.aykonbeton.com.tr\/index.php\/tesislerimiz\/"]}]},{"@type":"BreadcrumbList","@id":"http:\/\/www.aykonbeton.com.tr\/index.php\/tesislerimiz\/#breadcrumb","itemListElement":[{"@type":"ListItem","position":1,"name":"Anasayfa","item":"http:\/\/www.aykonbeton.com.tr\/"},{"@type":"ListItem","position":2,"name":"TES\u0130SLER\u0130M\u0130Z"}]},{"@type":"WebSite","@id":"http:\/\/www.aykonbeton.com.tr\/#website","url":"http:\/\/www.aykonbeton.com.tr\/","name":"Aykon Beton - Haz\u0131r Beton Nusaybin - Mardin","description":"Haz\u0131r Beton","publisher":{"@id":"http:\/\/www.aykonbeton.com.tr\/#organization"},"potentialAction":[{"@type":"SearchAction","target":{"@type":"EntryPoint","urlTemplate":"http:\/\/www.aykonbeton.com.tr\/?s={search_term_string}"},"query-input":{"@type":"PropertyValueSpecification","valueRequired":true,"valueName":"search_term_string"}}],"inLanguage":"tr"},{"@type":"Organization","@id":"http:\/\/www.aykonbeton.com.tr\/#organization","name":"Aykon Beton - Haz\u0131r Beton Nusaybin - Mardin","url":"http:\/\/www.aykonbeton.com.tr\/","logo":{"@type":"ImageObject","inLanguage":"tr","@id":"http:\/\/www.aykonbeton.com.tr\/#\/schema\/logo\/image\/","url":"http:\/\/www.aykonbeton.com.tr\/wp-content\/uploads\/2024\/01\/aykonbetonlogo.png","contentUrl":"http:\/\/www.aykonbeton.com.tr\/wp-content\/uploads\/2024\/01\/aykonbetonlogo.png","width":500,"height":115,"caption":"Aykon Beton - Haz\u0131r Beton Nusaybin - Mardin"},"image":{"@id":"http:\/\/www.aykonbeton.com.tr\/#\/schema\/logo\/image\/"},"sameAs":["https:\/\/www.instagram.com\/ozaydingrubu\/"]}]}},"jetpack_sharing_enabled":true,"_links":{"self":[{"href":"http:\/\/www.aykonbeton.com.tr\/index.php\/wp-json\/wp\/v2\/pages\/14"}],"collection":[{"href":"http:\/\/www.aykonbeton.com.tr\/index.php\/wp-json\/wp\/v2\/pages"}],"about":[{"href":"http:\/\/www.aykonbeton.com.tr\/index.php\/wp-json\/wp\/v2\/types\/page"}],"author":[{"embeddable":true,"href":"http:\/\/www.aykonbeton.com.tr\/index.php\/wp-json\/wp\/v2\/users\/1"}],"replies":[{"embeddable":true,"href":"http:\/\/www.aykonbeton.com.tr\/index.php\/wp-json\/wp\/v2\/comments?post=14"}],"version-history":[{"count":6,"href":"http:\/\/www.aykonbeton.com.tr\/index.php\/wp-json\/wp\/v2\/pages\/14\/revisions"}],"predecessor-version":[{"id":203,"href":"http:\/\/www.aykonbeton.com.tr\/index.php\/wp-json\/wp\/v2\/pages\/14\/revisions\/203"}],"wp:attachment":[{"href":"http:\/\/www.aykonbeton.com.tr\/index.php\/wp-json\/wp\/v2\/media?parent=14"}],"curies":[{"name":"wp","href":"https:\/\/api.w.org\/{rel}","templated":true}]}}