{"id":10,"date":"2023-07-16T09:32:21","date_gmt":"2023-07-16T06:32:21","guid":{"rendered":"http:\/\/www.aykonbeton.com.tr\/?page_id=10"},"modified":"2023-07-16T14:47:24","modified_gmt":"2023-07-16T11:47:24","slug":"vizyon-misyon","status":"publish","type":"page","link":"http:\/\/www.aykonbeton.com.tr\/index.php\/vizyon-misyon\/","title":{"rendered":"V\u0130ZYON &#038; M\u0130SYON"},"content":{"rendered":"\n<p><strong>V\u0130ZYONUMUZ<\/strong><\/p>\n\n\n\n<p>\u0130n\u015faat projelerinde kurumlar\u0131n g\u00fcven duyarak taleplerinin kar\u015f\u0131land\u0131\u011f\u0131 ve m\u00fc\u015fteri memnuniyetinin \u00f6n planda tutuldu\u011fu bir firma olarak insanlara dayan\u0131kl\u0131 ve g\u00fcven verici bir hayat tarz\u0131 sunan yap\u0131lar d\u00f6ken firmalar aras\u0131nda yer almakt\u0131r.<\/p>\n\n\n\n<p><\/p>\n\n\n\n<p><strong>M\u0130SYONUMUZ&nbsp;<\/strong><\/p>\n\n\n\n<p>S\u00fcrekli kendini geli\u015ftiren dinamik yap\u0131s\u0131yla \u00fcstlenmi\u015f oldu\u011fu projeleri kaliteden taviz vermeden h\u0131zl\u0131 ve ekonomik bir sistemle haz\u0131r betonu d\u00f6kerek sa\u011fl\u0131kl\u0131 g\u00fcvenli ve \u00e7evreye duyarl\u0131 \u00e7al\u0131\u015fmay\u0131 ilke edinmi\u015ftir.<\/p>\n","protected":false},"excerpt":{"rendered":"<p>V\u0130ZYONUMUZ \u0130n\u015faat projelerinde kurumlar\u0131n g\u00fcven duyarak taleplerinin kar\u015f\u0131land\u0131\u011f\u0131 ve m\u00fc\u015fteri memnuniyetinin \u00f6n planda tutuldu\u011fu bir firma olarak insanlara dayan\u0131kl\u0131 ve g\u00fcven verici bir hayat tarz\u0131 sunan yap\u0131lar d\u00f6ken firmalar aras\u0131nda yer almakt\u0131r. M\u0130SYONUMUZ&nbsp; S\u00fcrekli kendini geli\u015ftiren dinamik yap\u0131s\u0131yla \u00fcstlenmi\u015f oldu\u011fu projeleri kaliteden taviz vermeden h\u0131zl\u0131 ve ekonomik bir sistemle haz\u0131r betonu d\u00f6kerek sa\u011fl\u0131kl\u0131 g\u00fcvenli ve [&hellip;]<\/p>\n","protected":false},"author":1,"featured_media":0,"parent":0,"menu_order":0,"comment_status":"closed","ping_status":"closed","template":"","meta":{"footnotes":""},"yoast_head":"<!-- This site is optimized with the Yoast SEO plugin v23.5 - https:\/\/yoast.com\/wordpress\/plugins\/seo\/ -->\r\n<title>V\u0130ZYON &amp; M\u0130SYON - Aykon Beton - Haz\u0131r Beton Nusaybin - Mardin<\/title>\r\n<meta name=\"robots\" content=\"index, follow, max-snippet:-1, max-image-preview:large, max-video-preview:-1\" \/>\r\n<link rel=\"canonical\" href=\"http:\/\/www.aykonbeton.com.tr\/index.php\/vizyon-misyon\/\" \/>\r\n<meta property=\"og:locale\" content=\"tr_TR\" \/>\r\n<meta property=\"og:type\" content=\"article\" \/>\r\n<meta property=\"og:title\" content=\"V\u0130ZYON &amp; M\u0130SYON - Aykon Beton - Haz\u0131r Beton Nusaybin - Mardin\" \/>\r\n<meta property=\"og:description\" content=\"V\u0130ZYONUMUZ \u0130n\u015faat projelerinde kurumlar\u0131n g\u00fcven duyarak taleplerinin kar\u015f\u0131land\u0131\u011f\u0131 ve m\u00fc\u015fteri memnuniyetinin \u00f6n planda tutuldu\u011fu bir firma olarak insanlara dayan\u0131kl\u0131 ve g\u00fcven verici bir hayat tarz\u0131 sunan yap\u0131lar d\u00f6ken firmalar aras\u0131nda yer almakt\u0131r. M\u0130SYONUMUZ&nbsp; S\u00fcrekli kendini geli\u015ftiren dinamik yap\u0131s\u0131yla \u00fcstlenmi\u015f oldu\u011fu projeleri kaliteden taviz vermeden h\u0131zl\u0131 ve ekonomik bir sistemle haz\u0131r betonu d\u00f6kerek sa\u011fl\u0131kl\u0131 g\u00fcvenli ve [&hellip;]\" \/>\r\n<meta property=\"og:url\" content=\"http:\/\/www.aykonbeton.com.tr\/index.php\/vizyon-misyon\/\" \/>\r\n<meta property=\"og:site_name\" content=\"Aykon Beton - Haz\u0131r Beton Nusaybin - Mardin\" \/>\r\n<meta property=\"article:modified_time\" content=\"2023-07-16T11:47:24+00:00\" \/>\r\n<meta name=\"twitter:card\" content=\"summary_large_image\" \/>\r\n<script type=\"application\/ld+json\" class=\"yoast-schema-graph\">{\"@context\":\"https:\/\/schema.org\",\"@graph\":[{\"@type\":\"WebPage\",\"@id\":\"http:\/\/www.aykonbeton.com.tr\/index.php\/vizyon-misyon\/\",\"url\":\"http:\/\/www.aykonbeton.com.tr\/index.php\/vizyon-misyon\/\",\"name\":\"V\u0130ZYON & M\u0130SYON - Aykon Beton - Haz\u0131r Beton Nusaybin - Mardin\",\"isPartOf\":{\"@id\":\"http:\/\/www.aykonbeton.com.tr\/#website\"},\"datePublished\":\"2023-07-16T06:32:21+00:00\",\"dateModified\":\"2023-07-16T11:47:24+00:00\",\"breadcrumb\":{\"@id\":\"http:\/\/www.aykonbeton.com.tr\/index.php\/vizyon-misyon\/#breadcrumb\"},\"inLanguage\":\"tr\",\"potentialAction\":[{\"@type\":\"ReadAction\",\"target\":[\"http:\/\/www.aykonbeton.com.tr\/index.php\/vizyon-misyon\/\"]}]},{\"@type\":\"BreadcrumbList\",\"@id\":\"http:\/\/www.aykonbeton.com.tr\/index.php\/vizyon-misyon\/#breadcrumb\",\"itemListElement\":[{\"@type\":\"ListItem\",\"position\":1,\"name\":\"Anasayfa\",\"item\":\"http:\/\/www.aykonbeton.com.tr\/\"},{\"@type\":\"ListItem\",\"position\":2,\"name\":\"V\u0130ZYON &#038; M\u0130SYON\"}]},{\"@type\":\"WebSite\",\"@id\":\"http:\/\/www.aykonbeton.com.tr\/#website\",\"url\":\"http:\/\/www.aykonbeton.com.tr\/\",\"name\":\"Aykon Beton - Haz\u0131r Beton Nusaybin - Mardin\",\"description\":\"Haz\u0131r Beton\",\"publisher\":{\"@id\":\"http:\/\/www.aykonbeton.com.tr\/#organization\"},\"potentialAction\":[{\"@type\":\"SearchAction\",\"target\":{\"@type\":\"EntryPoint\",\"urlTemplate\":\"http:\/\/www.aykonbeton.com.tr\/?s={search_term_string}\"},\"query-input\":{\"@type\":\"PropertyValueSpecification\",\"valueRequired\":true,\"valueName\":\"search_term_string\"}}],\"inLanguage\":\"tr\"},{\"@type\":\"Organization\",\"@id\":\"http:\/\/www.aykonbeton.com.tr\/#organization\",\"name\":\"Aykon Beton - Haz\u0131r Beton Nusaybin - Mardin\",\"url\":\"http:\/\/www.aykonbeton.com.tr\/\",\"logo\":{\"@type\":\"ImageObject\",\"inLanguage\":\"tr\",\"@id\":\"http:\/\/www.aykonbeton.com.tr\/#\/schema\/logo\/image\/\",\"url\":\"http:\/\/www.aykonbeton.com.tr\/wp-content\/uploads\/2024\/01\/aykonbetonlogo.png\",\"contentUrl\":\"http:\/\/www.aykonbeton.com.tr\/wp-content\/uploads\/2024\/01\/aykonbetonlogo.png\",\"width\":500,\"height\":115,\"caption\":\"Aykon Beton - Haz\u0131r Beton Nusaybin - Mardin\"},\"image\":{\"@id\":\"http:\/\/www.aykonbeton.com.tr\/#\/schema\/logo\/image\/\"},\"sameAs\":[\"https:\/\/www.instagram.com\/ozaydingrubu\/\"]}]}<\/script>\r\n<!-- \/ Yoast SEO plugin. -->","yoast_head_json":{"title":"V\u0130ZYON & M\u0130SYON - Aykon Beton - Haz\u0131r Beton Nusaybin - Mardin","robots":{"index":"index","follow":"follow","max-snippet":"max-snippet:-1","max-image-preview":"max-image-preview:large","max-video-preview":"max-video-preview:-1"},"canonical":"http:\/\/www.aykonbeton.com.tr\/index.php\/vizyon-misyon\/","og_locale":"tr_TR","og_type":"article","og_title":"V\u0130ZYON & M\u0130SYON - Aykon Beton - Haz\u0131r Beton Nusaybin - Mardin","og_description":"V\u0130ZYONUMUZ \u0130n\u015faat projelerinde kurumlar\u0131n g\u00fcven duyarak taleplerinin kar\u015f\u0131land\u0131\u011f\u0131 ve m\u00fc\u015fteri memnuniyetinin \u00f6n planda tutuldu\u011fu bir firma olarak insanlara dayan\u0131kl\u0131 ve g\u00fcven verici bir hayat tarz\u0131 sunan yap\u0131lar d\u00f6ken firmalar aras\u0131nda yer almakt\u0131r. M\u0130SYONUMUZ&nbsp; S\u00fcrekli kendini geli\u015ftiren dinamik yap\u0131s\u0131yla \u00fcstlenmi\u015f oldu\u011fu projeleri kaliteden taviz vermeden h\u0131zl\u0131 ve ekonomik bir sistemle haz\u0131r betonu d\u00f6kerek sa\u011fl\u0131kl\u0131 g\u00fcvenli ve [&hellip;]","og_url":"http:\/\/www.aykonbeton.com.tr\/index.php\/vizyon-misyon\/","og_site_name":"Aykon Beton - Haz\u0131r Beton Nusaybin - Mardin","article_modified_time":"2023-07-16T11:47:24+00:00","twitter_card":"summary_large_image","schema":{"@context":"https:\/\/schema.org","@graph":[{"@type":"WebPage","@id":"http:\/\/www.aykonbeton.com.tr\/index.php\/vizyon-misyon\/","url":"http:\/\/www.aykonbeton.com.tr\/index.php\/vizyon-misyon\/","name":"V\u0130ZYON & M\u0130SYON - Aykon Beton - Haz\u0131r Beton Nusaybin - Mardin","isPartOf":{"@id":"http:\/\/www.aykonbeton.com.tr\/#website"},"datePublished":"2023-07-16T06:32:21+00:00","dateModified":"2023-07-16T11:47:24+00:00","breadcrumb":{"@id":"http:\/\/www.aykonbeton.com.tr\/index.php\/vizyon-misyon\/#breadcrumb"},"inLanguage":"tr","potentialAction":[{"@type":"ReadAction","target":["http:\/\/www.aykonbeton.com.tr\/index.php\/vizyon-misyon\/"]}]},{"@type":"BreadcrumbList","@id":"http:\/\/www.aykonbeton.com.tr\/index.php\/vizyon-misyon\/#breadcrumb","itemListElement":[{"@type":"ListItem","position":1,"name":"Anasayfa","item":"http:\/\/www.aykonbeton.com.tr\/"},{"@type":"ListItem","position":2,"name":"V\u0130ZYON &#038; M\u0130SYON"}]},{"@type":"WebSite","@id":"http:\/\/www.aykonbeton.com.tr\/#website","url":"http:\/\/www.aykonbeton.com.tr\/","name":"Aykon Beton - Haz\u0131r Beton Nusaybin - Mardin","description":"Haz\u0131r Beton","publisher":{"@id":"http:\/\/www.aykonbeton.com.tr\/#organization"},"potentialAction":[{"@type":"SearchAction","target":{"@type":"EntryPoint","urlTemplate":"http:\/\/www.aykonbeton.com.tr\/?s={search_term_string}"},"query-input":{"@type":"PropertyValueSpecification","valueRequired":true,"valueName":"search_term_string"}}],"inLanguage":"tr"},{"@type":"Organization","@id":"http:\/\/www.aykonbeton.com.tr\/#organization","name":"Aykon Beton - Haz\u0131r Beton Nusaybin - Mardin","url":"http:\/\/www.aykonbeton.com.tr\/","logo":{"@type":"ImageObject","inLanguage":"tr","@id":"http:\/\/www.aykonbeton.com.tr\/#\/schema\/logo\/image\/","url":"http:\/\/www.aykonbeton.com.tr\/wp-content\/uploads\/2024\/01\/aykonbetonlogo.png","contentUrl":"http:\/\/www.aykonbeton.com.tr\/wp-content\/uploads\/2024\/01\/aykonbetonlogo.png","width":500,"height":115,"caption":"Aykon Beton - Haz\u0131r Beton Nusaybin - Mardin"},"image":{"@id":"http:\/\/www.aykonbeton.com.tr\/#\/schema\/logo\/image\/"},"sameAs":["https:\/\/www.instagram.com\/ozaydingrubu\/"]}]}},"jetpack_sharing_enabled":true,"_links":{"self":[{"href":"http:\/\/www.aykonbeton.com.tr\/index.php\/wp-json\/wp\/v2\/pages\/10"}],"collection":[{"href":"http:\/\/www.aykonbeton.com.tr\/index.php\/wp-json\/wp\/v2\/pages"}],"about":[{"href":"http:\/\/www.aykonbeton.com.tr\/index.php\/wp-json\/wp\/v2\/types\/page"}],"author":[{"embeddable":true,"href":"http:\/\/www.aykonbeton.com.tr\/index.php\/wp-json\/wp\/v2\/users\/1"}],"replies":[{"embeddable":true,"href":"http:\/\/www.aykonbeton.com.tr\/index.php\/wp-json\/wp\/v2\/comments?post=10"}],"version-history":[{"count":3,"href":"http:\/\/www.aykonbeton.com.tr\/index.php\/wp-json\/wp\/v2\/pages\/10\/revisions"}],"predecessor-version":[{"id":152,"href":"http:\/\/www.aykonbeton.com.tr\/index.php\/wp-json\/wp\/v2\/pages\/10\/revisions\/152"}],"wp:attachment":[{"href":"http:\/\/www.aykonbeton.com.tr\/index.php\/wp-json\/wp\/v2\/media?parent=10"}],"curies":[{"name":"wp","href":"https:\/\/api.w.org\/{rel}","templated":true}]}}